{"id":814,"date":"2020-08-17T11:15:30","date_gmt":"2020-08-17T09:15:30","guid":{"rendered":"https:\/\/www.luxeforguide.com\/?page_id=814"},"modified":"2025-06-20T14:12:22","modified_gmt":"2025-06-20T12:12:22","slug":"apk","status":"publish","type":"page","link":"https:\/\/www.luxeforguide.com\/en\/apk\/","title":{"rendered":"APK Link Installation Tutorial"},"content":{"rendered":"<div class=\"fusion-fullwidth fullwidth-box fusion-builder-row-1 fusion-flex-container nonhundred-percent-fullwidth non-hundred-percent-height-scrolling\" style=\"background-color: #552dd3;background-position: center center;background-repeat: no-repeat;border-width: 0px 0px 0px 0px;border-color:#eae9e9;border-style:solid;\" ><div class=\"fusion-builder-row fusion-row fusion-flex-align-items-flex-start\" style=\"max-width:1144px;margin-left: calc(-4% \/ 2 );margin-right: calc(-4% \/ 2 );\"><div class=\"fusion-layout-column fusion_builder_column fusion-builder-column-0 fusion_builder_column_1_3 1_3 fusion-flex-column\"><div class=\"fusion-column-wrapper fusion-flex-justify-content-flex-start fusion-content-layout-column\" style=\"background-position:left top;background-repeat:no-repeat;-webkit-background-size:cover;-moz-background-size:cover;-o-background-size:cover;background-size:cover;background-color:#fafafa;padding: 40px 40px 40px 40px;\"><style type=\"text\/css\">@media only screen and (max-width:1024px) {.fusion-title.fusion-title-1{margin-top:0px!important; margin-right:!important;margin-bottom:31px!important;margin-left:!important;}}@media only screen and (max-width:640px) {.fusion-title.fusion-title-1{margin-top:10px!important; margin-right:0px!important;margin-bottom:10px!important; margin-left:0px!important;}}<\/style><div class=\"fusion-title title fusion-title-1 fusion-sep-none fusion-title-text fusion-title-size-two\" style=\"margin-top:0px;margin-bottom:31px;\"><h2 class=\"title-heading-left fusion-responsive-typography-calculated\" style=\"margin:0;--fontSize:28;line-height:1.5;\">Installation of the application from APK file<\/h2><\/div><div class=\"fusion-text fusion-text-1\"><p>Dear user, you do not have access to Google Play or App Store (Apple) and you want to be able to install the Luxe for Guide application on your smartphone, please follow the procedure below:<\/p>\n<\/div><ul class=\"fusion-checklist fusion-checklist-1\" style=\"font-size:14px;line-height:23.8px;\"><li style=\"background-color:rgba(255,255,255,0);\" class=\"fusion-li-item\"><span style=\"background-color:#552dd3;font-size:12.32px;height:23.8px;width:23.8px;margin-right:9.8px;\" class=\"icon-wrapper circle-yes\"><i class=\"fusion-li-icon fa-cog fas\" style=\"color:#ffffff;\" aria-hidden=\"true\"><\/i><\/span><div class=\"fusion-li-item-content\" style=\"margin-left:33.6px;color:#333333;\"><span style=\"color: #552dd3;\">Go to settings, then Security of your smartphone<\/span><\/div><\/li><li style=\"background-color:rgba(255,255,255,0);\" class=\"fusion-li-item\"><span style=\"background-color:#552dd3;font-size:12.32px;height:23.8px;width:23.8px;margin-right:9.8px;\" class=\"icon-wrapper circle-yes\"><i class=\"fusion-li-icon fa-coins fas\" style=\"color:#ffffff;\" aria-hidden=\"true\"><\/i><\/span><div class=\"fusion-li-item-content\" style=\"margin-left:33.6px;color:#333333;\"><span style=\"color: #552dd3;\">Activate unknown sources<\/span><\/div><\/li><li style=\"background-color:rgba(255,255,255,0);\" class=\"fusion-li-item\"><span style=\"background-color:#552dd3;font-size:12.32px;height:23.8px;width:23.8px;margin-right:9.8px;\" class=\"icon-wrapper circle-yes\"><i class=\"fusion-li-icon fa-hand-point-up fas\" style=\"color:#ffffff;\" aria-hidden=\"true\"><\/i><\/span><div class=\"fusion-li-item-content\" style=\"margin-left:33.6px;color:#333333;\"><span style=\"color: #552dd3;\">Click on the APK link below from your smartphone (using any browser for example)<\/span><\/div><\/li><li style=\"background-color:rgba(255,255,255,0);\" class=\"fusion-li-item\"><span style=\"background-color:#552dd3;font-size:12.32px;height:23.8px;width:23.8px;margin-right:9.8px;\" class=\"icon-wrapper circle-yes\"><i class=\"fusion-li-icon fa-file-code fas\" style=\"color:#ffffff;\" aria-hidden=\"true\"><\/i><\/span><div class=\"fusion-li-item-content\" style=\"margin-left:33.6px;color:#333333;\"><span style=\"color: #552dd3;\">Launch the APK file and follow the instructions<\/span><\/div><\/li><\/ul><div class=\"fusion-separator fusion-full-width-sep\" style=\"align-self: center;margin-left: auto;margin-right: auto;margin-top:15px;margin-bottom:15px;width:100%;\"><\/div><div ><style>.fusion-body .fusion-button.button-1{border-radius:0px 0px 0px 0px;}<\/style><a class=\"fusion-button button-flat fusion-button-default-size button-default button-1 fusion-button-default-span fusion-button-default-type\" target=\"_blank\" rel=\"noopener noreferrer\" href=\"https:\/\/app.luxeforguide.com\/telecharger-luxe-for-guide\/apk\/download.php?v=latest\"><span class=\"fusion-button-text\">Download<\/span><\/a><\/div><div class=\"fusion-separator fusion-full-width-sep\" style=\"align-self: center;margin-left: auto;margin-right: auto;margin-top:15px;margin-bottom:15px;width:100%;\"><\/div><div class=\"fusion-text fusion-text-2\"><p>Do not hesitate to contact us if you have any questions. The Luxe for Guide team is available for you.<\/p>\n<\/div><\/div><style type=\"text\/css\">.fusion-body .fusion-builder-column-0{width:33.333333333333% !important;margin-top : 0px;margin-bottom : 20px;}.fusion-builder-column-0 > .fusion-column-wrapper {padding-top : 40px !important;padding-right : 40px !important;margin-right : 5.76%;padding-bottom : 40px !important;padding-left : 40px !important;margin-left : 5.76%;}@media only screen and (max-width:1024px) {.fusion-body .fusion-builder-column-0{width:33.333333333333% !important;order : 0;}.fusion-builder-column-0 > .fusion-column-wrapper {margin-right : 5.76%;margin-left : 5.76%;}}@media only screen and (max-width:640px) {.fusion-body .fusion-builder-column-0{width:100% !important;order : 0;}.fusion-builder-column-0 > .fusion-column-wrapper {margin-right : 1.92%;margin-left : 1.92%;}}<\/style><\/div><div class=\"fusion-layout-column fusion_builder_column fusion-builder-column-1 fusion_builder_column_1_3 1_3 fusion-flex-column\"><div class=\"fusion-column-wrapper fusion-flex-justify-content-flex-start fusion-content-layout-column\" style=\"background-position:left top;background-repeat:no-repeat;-webkit-background-size:cover;-moz-background-size:cover;-o-background-size:cover;background-size:cover;background-color:#fafafa;padding: 40px 40px 40px 40px;\"><style type=\"text\/css\">@media only screen and (max-width:1024px) {.fusion-title.fusion-title-2{margin-top:0px!important; margin-right:!important;margin-bottom:31px!important;margin-left:!important;}}@media only screen and (max-width:640px) {.fusion-title.fusion-title-2{margin-top:10px!important; margin-right:0px!important;margin-bottom:10px!important; margin-left:0px!important;}}<\/style><div class=\"fusion-title title fusion-title-2 fusion-sep-none fusion-title-text fusion-title-size-two\" style=\"margin-top:0px;margin-bottom:31px;\"><h2 class=\"title-heading-left fusion-responsive-typography-calculated\" style=\"margin:0;--fontSize:28;line-height:1.5;\">Installation d&rsquo;une application via APK<\/h2><\/div><div class=\"fusion-text fusion-text-3\"><p><span class=\"gmail_default\">Cher utilisateur, vous n&rsquo;avez pas <\/span>acc\u00e8s \u00e0 Google Play ou App Store<span class=\"gmail_default\"> (Appel) et vous souhaitez pouvoir installer l&rsquo;application Luxe for Guide sur votre smartphone\u00a0<\/span><span class=\"gmail_default\">merci de suivre la proc\u00e9dure ci dessous :\u00a0<\/span><\/p>\n<\/div><ul class=\"fusion-checklist fusion-checklist-2\" style=\"font-size:14px;line-height:23.8px;\"><li style=\"background-color:rgba(255,255,255,0);\" class=\"fusion-li-item\"><span style=\"background-color:#552dd3;font-size:12.32px;height:23.8px;width:23.8px;margin-right:9.8px;\" class=\"icon-wrapper circle-yes\"><i class=\"fusion-li-icon fa-cog fas\" style=\"color:#ffffff;\" aria-hidden=\"true\"><\/i><\/span><div class=\"fusion-li-item-content\" style=\"margin-left:33.6px;color:#333333;\">\n<p><span style=\"color: #552dd3;\">Allez dans les param\u00e8tres, puis S\u00e9curit\u00e9<span class=\"gmail_default\"> de votre smartphone<\/span><\/span><\/p>\n<\/div><\/li><li style=\"background-color:rgba(255,255,255,0);\" class=\"fusion-li-item\"><span style=\"background-color:#552dd3;font-size:12.32px;height:23.8px;width:23.8px;margin-right:9.8px;\" class=\"icon-wrapper circle-yes\"><i class=\"fusion-li-icon fa-coins fas\" style=\"color:#ffffff;\" aria-hidden=\"true\"><\/i><\/span><div class=\"fusion-li-item-content\" style=\"margin-left:33.6px;color:#333333;\"><span style=\"color: #552dd3;\">Enable unknown sources<\/span><\/div><\/li><li style=\"background-color:rgba(255,255,255,0);\" class=\"fusion-li-item\"><span style=\"background-color:#552dd3;font-size:12.32px;height:23.8px;width:23.8px;margin-right:9.8px;\" class=\"icon-wrapper circle-yes\"><i class=\"fusion-li-icon fa-hand-point-up fas\" style=\"color:#ffffff;\" aria-hidden=\"true\"><\/i><\/span><div class=\"fusion-li-item-content\" style=\"margin-left:33.6px;color:#333333;\">\n<p><span style=\"color: #552dd3;\">Click on the APK link below from your smartphone (using a file explorer for example)<\/span><\/p>\n<\/div><\/li><li style=\"background-color:rgba(255,255,255,0);\" class=\"fusion-li-item\"><span style=\"background-color:#552dd3;font-size:12.32px;height:23.8px;width:23.8px;margin-right:9.8px;\" class=\"icon-wrapper circle-yes\"><i class=\"fusion-li-icon fa-file-code fas\" style=\"color:#ffffff;\" aria-hidden=\"true\"><\/i><\/span><div class=\"fusion-li-item-content\" style=\"margin-left:33.6px;color:#333333;\"><span style=\"color: #552dd3;\">Launch the APK file and follow the instructions<\/span><\/div><\/li><\/ul><div class=\"fusion-separator fusion-full-width-sep\" style=\"align-self: center;margin-left: auto;margin-right: auto;margin-top:15px;margin-bottom:15px;width:100%;\"><\/div><div ><style>.fusion-body .fusion-button.button-2{border-radius:0px 0px 0px 0px;}<\/style><a class=\"fusion-button button-flat fusion-button-default-size button-default button-2 fusion-button-default-span fusion-button-default-type\" target=\"_blank\" rel=\"noopener noreferrer\" href=\"https:\/\/app.luxeforguide.com\/telecharger-luxe-for-guide\/apk\/download.php?v=latest\"><span class=\"fusion-button-text\">Download<\/span><\/a><\/div><div class=\"fusion-separator fusion-full-width-sep\" style=\"align-self: center;margin-left: auto;margin-right: auto;margin-top:15px;margin-bottom:15px;width:100%;\"><\/div><div class=\"fusion-text fusion-text-4\"><p>N&rsquo;h\u00e9sitez pas \u00e0 nous contacter si vous avez la moindre question. L&rsquo;\u00e9quipe Luxe for Guide est \u00e0 votre service.<\/p>\n<\/div><\/div><style type=\"text\/css\">.fusion-body .fusion-builder-column-1{width:33.333333333333% !important;margin-top : 0px;margin-bottom : 20px;}.fusion-builder-column-1 > .fusion-column-wrapper {padding-top : 40px !important;padding-right : 40px !important;margin-right : 5.76%;padding-bottom : 40px !important;padding-left : 40px !important;margin-left : 5.76%;}@media only screen and (max-width:1024px) {.fusion-body .fusion-builder-column-1{width:33.333333333333% !important;order : 0;}.fusion-builder-column-1 > .fusion-column-wrapper {margin-right : 5.76%;margin-left : 5.76%;}}@media only screen and (max-width:640px) {.fusion-body .fusion-builder-column-1{width:100% !important;order : 0;}.fusion-builder-column-1 > .fusion-column-wrapper {margin-right : 1.92%;margin-left : 1.92%;}}<\/style><\/div><div class=\"fusion-layout-column fusion_builder_column fusion-builder-column-2 fusion_builder_column_1_3 1_3 fusion-flex-column\"><div class=\"fusion-column-wrapper fusion-flex-justify-content-flex-start fusion-content-layout-column\" style=\"background-position:left top;background-repeat:no-repeat;-webkit-background-size:cover;-moz-background-size:cover;-o-background-size:cover;background-size:cover;background-color:#fafafa;padding: 40px 40px 40px 40px;\"><style type=\"text\/css\">@media only screen and (max-width:1024px) {.fusion-title.fusion-title-3{margin-top:0px!important; margin-right:!important;margin-bottom:31px!important;margin-left:!important;}}@media only screen and (max-width:640px) {.fusion-title.fusion-title-3{margin-top:10px!important; margin-right:0px!important;margin-bottom:10px!important; margin-left:0px!important;}}<\/style><div class=\"fusion-title title fusion-title-3 fusion-sep-none fusion-title-text fusion-title-size-two\" style=\"margin-top:0px;margin-bottom:31px;\"><h2 class=\"title-heading-left fusion-responsive-typography-calculated\" style=\"margin:0;--fontSize:28;line-height:1.5;\"><p class=\"p1\"><span class=\"s1\"><b>\u901a\u8fc7<\/b><\/span><span class=\"s2\"><b>APK<\/b><\/span><span class=\"s1\"><b>\u5b89\u88c5\u5e94\u7528\u7a0b\u5e8f<\/b><\/span><\/p><\/h2><\/div><div class=\"fusion-text fusion-text-5\"><p class=\"p1\">\u4eb2\u7231\u7684\u7528\u6237\uff0c\u82e5\u60a8\u5e0c\u671b\u80fd\u591f\u5728\u667a\u80fd\u624b\u673a\u4e0a\u5b89\u88c5<span class=\"s1\">Luxe for Guide<\/span>\u5e94\u7528\u7a0b\u5e8f\uff0c\u4f46\u65e0\u6cd5\u4f7f\u7528<span class=\"s1\">Google Play<\/span>\u6216<span class=\"s1\">App Store<\/span>\uff08<span class=\"s1\">Apple<\/span>\uff09\uff0c\u60a8\u53ef\u4ee5\u53c2\u7167\u4ee5\u4e0b\u6b65\u9aa4\uff1a<\/p>\n<\/div><ul class=\"fusion-checklist fusion-checklist-3\" style=\"font-size:14px;line-height:23.8px;\"><li style=\"background-color:rgba(255,255,255,0);\" class=\"fusion-li-item\"><span style=\"background-color:#552dd3;font-size:12.32px;height:23.8px;width:23.8px;margin-right:9.8px;\" class=\"icon-wrapper circle-yes\"><i class=\"fusion-li-icon fa-cog fas\" style=\"color:#ffffff;\" aria-hidden=\"true\"><\/i><\/span><div class=\"fusion-li-item-content\" style=\"margin-left:33.6px;color:#333333;\"><span style=\"color: #552dd3;\">\u6253\u5f00\u624b\u673a\u201c\u8bbe\u7f6e\u201d\uff0c\u9009\u62e9\u201c\u667a\u80fd\u624b\u673a\u5b89\u5168\u6027\u201d<\/span><\/div><\/li><li style=\"background-color:rgba(255,255,255,0);\" class=\"fusion-li-item\"><span style=\"background-color:#552dd3;font-size:12.32px;height:23.8px;width:23.8px;margin-right:9.8px;\" class=\"icon-wrapper circle-yes\"><i class=\"fusion-li-icon fa-coins fas\" style=\"color:#ffffff;\" aria-hidden=\"true\"><\/i><\/span><div class=\"fusion-li-item-content\" style=\"margin-left:33.6px;color:#333333;\"><span style=\"color: #552dd3;\">\u5f00\u542f\u201c\u672a\u77e5\u6765\u6e90\u201d<\/span><\/div><\/li><li style=\"background-color:rgba(255,255,255,0);\" class=\"fusion-li-item\"><span style=\"background-color:#552dd3;font-size:12.32px;height:23.8px;width:23.8px;margin-right:9.8px;\" class=\"icon-wrapper circle-yes\"><i class=\"fusion-li-icon fa-hand-point-up fas\" style=\"color:#ffffff;\" aria-hidden=\"true\"><\/i><\/span><div class=\"fusion-li-item-content\" style=\"margin-left:33.6px;color:#333333;\"><span style=\"color: #552dd3;\">\u5728\u60a8\u7684\u667a\u80fd\u624b\u673a\u4e0a\u70b9\u51fbAPK\u94fe\u63a5\uff08\u4f8b\u5982\uff1a\u4f7f\u7528\u4efb\u4f55\u6d4f\u89c8\u5668\uff09<\/span><\/div><\/li><li style=\"background-color:rgba(255,255,255,0);\" class=\"fusion-li-item\"><span style=\"background-color:#552dd3;font-size:12.32px;height:23.8px;width:23.8px;margin-right:9.8px;\" class=\"icon-wrapper circle-yes\"><i class=\"fusion-li-icon fa-file-code fas\" style=\"color:#ffffff;\" aria-hidden=\"true\"><\/i><\/span><div class=\"fusion-li-item-content\" style=\"margin-left:33.6px;color:#333333;\"><span style=\"color: #552dd3;\">\u542f\u52a8APK\u6587\u4ef6\u5e76\u6309\u7167\u8bf4\u660e\u8fdb\u884c\u64cd\u4f5c<\/span><\/div><\/li><\/ul><div class=\"fusion-separator fusion-full-width-sep\" style=\"align-self: center;margin-left: auto;margin-right: auto;margin-top:15px;margin-bottom:15px;width:100%;\"><\/div><div ><style>.fusion-body .fusion-button.button-3{border-radius:0px 0px 0px 0px;}<\/style><a class=\"fusion-button button-flat fusion-button-default-size button-default button-3 fusion-button-default-span fusion-button-default-type\" target=\"_blank\" rel=\"noopener noreferrer\" href=\"https:\/\/app.luxeforguide.com\/telecharger-luxe-for-guide\/apk\/download.php?v=latest\"><span class=\"fusion-button-text\">\u4e0b\u8f7d<\/span><\/a><\/div><div class=\"fusion-separator fusion-full-width-sep\" style=\"align-self: center;margin-left: auto;margin-right: auto;margin-top:15px;margin-bottom:15px;width:100%;\"><\/div><div class=\"fusion-text fusion-text-6\"><p class=\"p1\">\u5982\u6709\u4efb\u4f55\u7591\u95ee\uff0c\u8bf7\u4e0e\u6211\u4eec\u8054\u7cfb\u3002<span class=\"s1\"> Luxe for Guide<\/span>\u56e2\u961f\u5c06\u968f\u65f6\u4e3a\u60a8\u670d\u52a1\u3002<\/p>\n<\/div><\/div><style type=\"text\/css\">.fusion-body .fusion-builder-column-2{width:33.333333333333% !important;margin-top : 0px;margin-bottom : 20px;}.fusion-builder-column-2 > .fusion-column-wrapper {padding-top : 40px !important;padding-right : 40px !important;margin-right : 5.76%;padding-bottom : 40px !important;padding-left : 40px !important;margin-left : 5.76%;}@media only screen and (max-width:1024px) {.fusion-body .fusion-builder-column-2{width:33.333333333333% !important;order : 0;}.fusion-builder-column-2 > .fusion-column-wrapper {margin-right : 5.76%;margin-left : 5.76%;}}@media only screen and (max-width:640px) {.fusion-body .fusion-builder-column-2{width:100% !important;order : 0;}.fusion-builder-column-2 > .fusion-column-wrapper {margin-right : 1.92%;margin-left : 1.92%;}}<\/style><\/div><\/div><style type=\"text\/css\">.fusion-body .fusion-flex-container.fusion-builder-row-1{ padding-top : 0px;margin-top : 0px;padding-right : 0px;padding-bottom : 0px;margin-bottom : 0px;padding-left : 0px;}<\/style><\/div>","protected":false},"excerpt":{"rendered":"","protected":false},"author":1,"featured_media":0,"parent":0,"menu_order":0,"comment_status":"closed","ping_status":"closed","template":"100-width.php","meta":[],"yoast_head":"<!-- This site is optimized with the Yoast SEO plugin v18.9 - https:\/\/yoast.com\/wordpress\/plugins\/seo\/ -->\n<title>Tutoriel d&#039;installation du lien APK - Luxe for Guide<\/title>\n<meta name=\"robots\" content=\"noindex, nofollow\" \/>\n<meta property=\"og:locale\" content=\"en_US\" \/>\n<meta property=\"og:type\" content=\"article\" \/>\n<meta property=\"og:title\" content=\"Tutoriel d&#039;installation du lien APK - Luxe for Guide\" \/>\n<meta property=\"og:url\" content=\"https:\/\/www.luxeforguide.com\/en\/apk\/\" \/>\n<meta property=\"og:site_name\" content=\"Luxe for Guide\" \/>\n<meta property=\"article:modified_time\" content=\"2025-06-20T12:12:22+00:00\" \/>\n<meta name=\"twitter:card\" content=\"summary_large_image\" \/>\n<meta name=\"twitter:label1\" content=\"Est. reading time\" \/>\n\t<meta name=\"twitter:data1\" content=\"8 minutes\" \/>\n<script type=\"application\/ld+json\" class=\"yoast-schema-graph\">{\"@context\":\"https:\/\/schema.org\",\"@graph\":[{\"@type\":\"WebSite\",\"@id\":\"https:\/\/www.luxeforguide.com\/#website\",\"url\":\"https:\/\/www.luxeforguide.com\/\",\"name\":\"Luxe for Guide\",\"description\":\"Services aux Guides touristiques et Maisons de luxe\",\"potentialAction\":[{\"@type\":\"SearchAction\",\"target\":{\"@type\":\"EntryPoint\",\"urlTemplate\":\"https:\/\/www.luxeforguide.com\/?s={search_term_string}\"},\"query-input\":\"required name=search_term_string\"}],\"inLanguage\":\"en-US\"},{\"@type\":\"WebPage\",\"@id\":\"https:\/\/www.luxeforguide.com\/apk\/#webpage\",\"url\":\"https:\/\/www.luxeforguide.com\/apk\/\",\"name\":\"Tutoriel d'installation du lien APK - Luxe for Guide\",\"isPartOf\":{\"@id\":\"https:\/\/www.luxeforguide.com\/#website\"},\"datePublished\":\"2020-08-17T09:15:30+00:00\",\"dateModified\":\"2025-06-20T12:12:22+00:00\",\"breadcrumb\":{\"@id\":\"https:\/\/www.luxeforguide.com\/apk\/#breadcrumb\"},\"inLanguage\":\"en-US\",\"potentialAction\":[{\"@type\":\"ReadAction\",\"target\":[\"https:\/\/www.luxeforguide.com\/apk\/\"]}]},{\"@type\":\"BreadcrumbList\",\"@id\":\"https:\/\/www.luxeforguide.com\/apk\/#breadcrumb\",\"itemListElement\":[{\"@type\":\"ListItem\",\"position\":1,\"name\":\"Accueil\",\"item\":\"https:\/\/www.luxeforguide.com\/\"},{\"@type\":\"ListItem\",\"position\":2,\"name\":\"Tutoriel d&rsquo;installation du lien APK\"}]}]}<\/script>\n<!-- \/ Yoast SEO plugin. -->","yoast_head_json":{"title":"Tutoriel d'installation du lien APK - Luxe for Guide","robots":{"index":"noindex","follow":"nofollow"},"og_locale":"en_US","og_type":"article","og_title":"Tutoriel d'installation du lien APK - Luxe for Guide","og_url":"https:\/\/www.luxeforguide.com\/en\/apk\/","og_site_name":"Luxe for Guide","article_modified_time":"2025-06-20T12:12:22+00:00","twitter_card":"summary_large_image","twitter_misc":{"Est. reading time":"8 minutes"},"schema":{"@context":"https:\/\/schema.org","@graph":[{"@type":"WebSite","@id":"https:\/\/www.luxeforguide.com\/#website","url":"https:\/\/www.luxeforguide.com\/","name":"Luxe for Guide","description":"Services aux Guides touristiques et Maisons de luxe","potentialAction":[{"@type":"SearchAction","target":{"@type":"EntryPoint","urlTemplate":"https:\/\/www.luxeforguide.com\/?s={search_term_string}"},"query-input":"required name=search_term_string"}],"inLanguage":"en-US"},{"@type":"WebPage","@id":"https:\/\/www.luxeforguide.com\/apk\/#webpage","url":"https:\/\/www.luxeforguide.com\/apk\/","name":"Tutoriel d'installation du lien APK - Luxe for Guide","isPartOf":{"@id":"https:\/\/www.luxeforguide.com\/#website"},"datePublished":"2020-08-17T09:15:30+00:00","dateModified":"2025-06-20T12:12:22+00:00","breadcrumb":{"@id":"https:\/\/www.luxeforguide.com\/apk\/#breadcrumb"},"inLanguage":"en-US","potentialAction":[{"@type":"ReadAction","target":["https:\/\/www.luxeforguide.com\/apk\/"]}]},{"@type":"BreadcrumbList","@id":"https:\/\/www.luxeforguide.com\/apk\/#breadcrumb","itemListElement":[{"@type":"ListItem","position":1,"name":"Accueil","item":"https:\/\/www.luxeforguide.com\/"},{"@type":"ListItem","position":2,"name":"Tutoriel d&rsquo;installation du lien APK"}]}]}},"_links":{"self":[{"href":"https:\/\/www.luxeforguide.com\/en\/wp-json\/wp\/v2\/pages\/814"}],"collection":[{"href":"https:\/\/www.luxeforguide.com\/en\/wp-json\/wp\/v2\/pages"}],"about":[{"href":"https:\/\/www.luxeforguide.com\/en\/wp-json\/wp\/v2\/types\/page"}],"author":[{"embeddable":true,"href":"https:\/\/www.luxeforguide.com\/en\/wp-json\/wp\/v2\/users\/1"}],"replies":[{"embeddable":true,"href":"https:\/\/www.luxeforguide.com\/en\/wp-json\/wp\/v2\/comments?post=814"}],"version-history":[{"count":16,"href":"https:\/\/www.luxeforguide.com\/en\/wp-json\/wp\/v2\/pages\/814\/revisions"}],"predecessor-version":[{"id":2494,"href":"https:\/\/www.luxeforguide.com\/en\/wp-json\/wp\/v2\/pages\/814\/revisions\/2494"}],"wp:attachment":[{"href":"https:\/\/www.luxeforguide.com\/en\/wp-json\/wp\/v2\/media?parent=814"}],"curies":[{"name":"wp","href":"https:\/\/api.w.org\/{rel}","templated":true}]}}