{"id":3,"date":"2018-11-15T19:05:02","date_gmt":"2018-11-15T18:05:02","guid":{"rendered":"http:\/\/www.luxeforguide.com\/?page_id=3"},"modified":"2023-05-10T18:42:09","modified_gmt":"2023-05-10T16:42:09","slug":"politique-de-confidentialite","status":"publish","type":"page","link":"https:\/\/www.luxeforguide.com\/cn\/politique-de-confidentialite\/","title":{"rendered":"RGPD \u2013 Confidentialit\u00e9 de l&rsquo;application mobile Luxe for Guide"},"content":{"rendered":"<p><div class=\"fusion-bg-parallax\" data-bg-align=\"center center\" data-direction=\"up\" data-mute=\"false\" data-opacity=\"100\" data-velocity=\"-0.2\" data-mobile-enabled=\"false\" data-break_parents=\"0\" data-bg-image=\"https:\/\/www.luxeforguide.com\/wp-content\/uploads\/2023\/04\/Photo_Header_compressed.jpg\" data-bg-repeat=\"false\" ><\/div><div class=\"fusion-fullwidth fullwidth-box fusion-builder-row-1 fusion-flex-container fusion-parallax-up nonhundred-percent-fullwidth non-hundred-percent-height-scrolling\" style=\"background-color: rgba(255,255,255,0);background-image: url(&quot;https:\/\/www.luxeforguide.com\/wp-content\/uploads\/2023\/04\/Photo_Header_compressed.jpg&quot;);background-position: center center;background-repeat: no-repeat;border-width: 0px 0px 0px 0px;border-color:#eae9e9;border-style:solid;-webkit-background-size:cover;-moz-background-size:cover;-o-background-size:cover;background-size:cover;\" ><div class=\"fusion-builder-row fusion-row fusion-flex-align-items-center fusion-flex-align-content-center fusion-flex-justify-content-center\" style=\"max-width:calc( 1100px + 50px );margin-left: calc(-50px \/ 2 );margin-right: calc(-50px \/ 2 );\"><\/div><style type=\"text\/css\">.fusion-fullwidth.fusion-builder-row-1 { overflow:auto; }.fusion-body .fusion-flex-container.fusion-builder-row-1{ padding-top : 0px;margin-top : -200px;padding-right : 0px;padding-bottom : 50px;margin-bottom : 0px;padding-left : 0px;min-height:30vh;}@media only screen and (max-width:640px) {.fusion-body .fusion-flex-container.fusion-builder-row-1{ padding-top : 200;padding-left : 0px;}}<\/style><\/div><div class=\"fusion-fullwidth fullwidth-box fusion-builder-row-2 fusion-flex-container nonhundred-percent-fullwidth non-hundred-percent-height-scrolling\" style=\"background-color: rgba(255,255,255,0);background-position: center center;background-repeat: no-repeat;border-width: 0px 0px 0px 0px;border-color:#eae9e9;border-style:solid;\" ><div class=\"fusion-builder-row fusion-row fusion-flex-align-items-flex-start\" style=\"max-width:1144px;margin-left: calc(-4% \/ 2 );margin-right: calc(-4% \/ 2 );\"><div class=\"fusion-layout-column fusion_builder_column fusion-builder-column-0 fusion_builder_column_1_1 1_1 fusion-flex-column\"><div class=\"fusion-column-wrapper fusion-flex-justify-content-flex-start fusion-content-layout-column\" style=\"background-position:left top;background-blend-mode: overlay;background-repeat:no-repeat;-webkit-background-size:cover;-moz-background-size:cover;-o-background-size:cover;background-size:cover;padding: 0px 0px 0px 0px;\"><div class=\"fusion-text fusion-text-1\"><h1>RGPD \u2013 Confidentialit\u00e9 de l&rsquo;application\u00a0mobile Luxe for Guide<\/h1>\n<p>\u7248\u672c 2022_08<\/p>\n<p>&nbsp;<\/p>\n<h3><strong>Article 1. TRAITEMENT DE VOS DONNEES PERSONNELLES <\/strong><\/h3>\n<p>Les donn\u00e9es personnelles collect\u00e9es sur l\u2019application mobile de Luxe for Guide avec votre consentement font l\u2019objet d\u2019un traitement visant les finalit\u00e9s suivantes :<\/p>\n<ul>\n<li>Le stockage et la validation de vos pi\u00e8ces justificatives vous permettant de vous r\u00e9f\u00e9rencer comme Partenaire apporteur d\u2019affaires aupr\u00e8s des Grands Magasins, Maisons de Luxe, Marques, Enseignes et les boutiques partenaires de Luxe for Guide.<\/li>\n<\/ul>\n<p>Ce traitement est fond\u00e9 sur votre consentement et sur la signature du Mandat donn\u00e9 \u00e0 Luxe for Guide.<\/p>\n<p>Le renseignement des champs obligatoires est n\u00e9cessaire pour permettre \u00e0 Luxe for Guide de g\u00e9rer et administrer la validit\u00e9 de vos dossiers. A d\u00e9faut de renseignement de ces champs, aucune validation ne peut \u00eatre effectu\u00e9e par Luxe for Guide. Le renseignement des autres champs est facultatif.<\/p>\n<p>Le traitement est effectu\u00e9 sous la responsabilit\u00e9 de la soci\u00e9t\u00e9 LUXE FOR GUIDE SAS \u2013 841\u00a0905\u00a0268 RCS PARIS repr\u00e9sent\u00e9e par Rebel\u00b2 SARL, Pr\u00e9sident et d\u00e9l\u00e9gu\u00e9 \u00e0 la protection des donn\u00e9es personnelles, dont les coordonn\u00e9es sont les suivantes :<\/p>\n<p>LUXE FOR GUIDE, 12 rue de Beccaria, 75012 Paris FRANCE, &#8211; Tel: 09.74.76.72.00 &#8211; Mail : contact@luxeforguide.com<\/p>\n<p>&nbsp;<\/p>\n<h3><strong>Article 2. TYPES DE DONNEES COLLECTEES<\/strong><\/h3>\n<p>Les types de donn\u00e9es collect\u00e9es correspondent \u00e0 toutes les donn\u00e9es rendues obligatoires par la loi ou le r\u00e8glement afin de justifier de votre identit\u00e9 (Nom, pr\u00e9nom, adresse mail, adresse g\u00e9ographique, t\u00e9l\u00e9phone, etc.), de votre statut juridique de Partenaire apporteur d\u2019affaires ind\u00e9pendant ou de Partenaire apporteur d\u2019affaires tiers salari\u00e9 (contrat de travail, extrait K-Bis, attestation de fourniture Urssaf, etc.) et de votre domiciliation bancaire (RIB, IBAN, etc.).<\/p>\n<p>&nbsp;<\/p>\n<h3><strong>Article 3. LES DESTINATAIRES DE VOS DONNEES PERSONNELLES <\/strong><\/h3>\n<p>Les destinataires des donn\u00e9es collect\u00e9es peuvent \u00eatre\u00a0:<\/p>\n<p><strong>3.1.<\/strong> Le ou la seul(e) Grand Magasin, Maison de Luxe, Marque, Enseigne ou Boutique qui vous aura adress\u00e9 une invitation sp\u00e9cifique pour vous inscrire sur son Espace d\u00e9di\u00e9 sur Luxe for Guide. Cet espace d\u00e9di\u00e9 sera accessible via un email et un mot de passe sp\u00e9cifiques qui ne permettront d\u2019acc\u00e9der \u00e0 aucune autre offre ou aucun autre service propos\u00e9 par Luxe for Guide\u00a0;<\/p>\n<p><strong>3.2.<\/strong> Luxe for Guide ainsi que l\u2019ensemble de ses partenaires commerciaux. Dans cette situation, l\u2019utilisateur pourra acc\u00e9der via un email et un mot de passe sp\u00e9cifiques \u00e0 un environnement dans lequel appara\u00eetront les diff\u00e9rents partenaires commerciaux de Luxe for Guide avec lesquels il pourra consentir \u00e0 collaborer.<\/p>\n<p>&nbsp;<\/p>\n<p>Lors de votre inscription sur Luxe for Guide le ou les destinataire(s) de vos donn\u00e9es personnelles sera(ont) express\u00e9ment pr\u00e9cis\u00e9(s) dans les Conditions particuli\u00e8res d\u2019utilisation que vous devrez imp\u00e9rativement signer et auxquelles vous devrez consentir.<\/p>\n<p>&nbsp;<\/p>\n<h3><strong>Article 4. UTILISATION DE VOS DONNEES PERSONNELLES <\/strong><\/h3>\n<p>Vos donn\u00e9es sont utilis\u00e9es et conserv\u00e9es sur des Espaces Personnels s\u00e9curis\u00e9s.<\/p>\n<p>Elles ne sont accessibles qu\u2019aux Administrateurs de Luxe for Guide et aux Administrateurs de ses Grands Magasins, Maisons de Luxe, Marques, Enseignes ou Boutiques partenaires.<\/p>\n<p><strong>4.1.<\/strong> Vous vous inscrivez sur Luxe for Guide apr\u00e8s y avoir \u00e9t\u00e9 invit\u00e9 par un Grand Magasin, une Maison de Luxe, une Marque, une Enseigne ou une Boutique\u00a0:<\/p>\n<p><strong>\u00a0 \u00a0 \u00a0 \u00a0 4.1.1.<\/strong> Vos donn\u00e9es seront collect\u00e9es, stock\u00e9es, valid\u00e9es et s\u00e9curis\u00e9es par les \u00e9quipes de Luxe for Guide pour le compte du Grand Magasin, de la Maison de\u00a0 \u00a0 \u00a0 \u00a0 \u00a0 \u00a0 \u00a0 \u00a0 \u00a0 \u00a0Luxe, \u00a0de la Marque, de l\u2019Enseigne ou de la Boutique \u00e0 l\u2019origine de l\u2019invitation ;<\/p>\n<p><strong>\u00a0 \u00a0 \u00a0 \u00a0 4.1.2.<\/strong> Le destinataire de vos donn\u00e9es personnelles ne sera que le Grand Magasin, la Maison de Luxe, la Marque, l\u2019Enseigne ou la Boutique vous ayant invit\u00e9\u00a0;<\/p>\n<p><strong>\u00a0 \u00a0 \u00a0 \u00a0 4.1.3.<\/strong> Luxe for Guide vous rappelle qu\u2019il s\u2019interdit tout usage personnel ou \u00e0 des fins commerciales et toute exploitation directe ou indirecte des donn\u00e9es\u00a0 \u00a0 \u00a0 \u00a0 \u00a0 \u00a0 \u00a0 \u00a0 \u00a0 \u00a0 \u00a0 \u00a0 personnelles que vous d\u00e9poserez pour le compte du Grand Magasin, de la Maison de Luxe, de la Marque, de l\u2019Enseigne ou de la Boutique qui vous aura invit\u00e9.\u00a0 \u00a0 \u00a0 \u00a0 \u00a0 \u00a0 \u00a0 \u00a0 En particulier, Luxe for Guide ne sera pas en droit de transf\u00e9rer, c\u00e9der, louer et transmettre \u00e0 titre gratuit ou on\u00e9reux vos donn\u00e9es personnelles.<\/p>\n<p><strong>4.2.<\/strong> Vous vous inscrivez sur Luxe for Guide apr\u00e8s y avoir \u00e9t\u00e9 invit\u00e9 par Luxe for Guide ou vous vous inscrivez de votre propre initiative\u00a0:<\/p>\n<p><strong>\u00a0 \u00a0 \u00a0 \u00a0 4.2.1.<\/strong> Vos donn\u00e9es seront collect\u00e9es, stock\u00e9es, valid\u00e9es et s\u00e9curis\u00e9es par les \u00e9quipes de Luxe for Guide pour le compte de Luxe for Guide et de ses Grands\u00a0 \u00a0 \u00a0 \u00a0 \u00a0 \u00a0 \u00a0 \u00a0 \u00a0 Magasins, Maisons de Luxe, Marques, Enseignes et Boutiques partenaires avec lesquels vous consentirez \u00e0 collaborer ;<\/p>\n<p><strong>\u00a0 \u00a0 \u00a0 \u00a0 4.2.2.<\/strong> Les destinataires des donn\u00e9es collect\u00e9es seront Luxe for Guide ainsi que les partenaires commerciaux avec lesquels vous aurez accept\u00e9 de collaborer.\u00a0 \u00a0 \u00a0 \u00a0 \u00a0 \u00a0 \u00a0 \u00a0 Ce consentement vous sera express\u00e9ment demand\u00e9. Il sera collect\u00e9 et stock\u00e9 dans les conditions particuli\u00e8res que vous devrez signer afin de pouvoir acc\u00e9der\u00a0 \u00a0 \u00a0 \u00a0 \u00a0 \u00a0 \u00e0 l\u2019espace de chaque partenaire concern\u00e9.<strong>\u00a0<\/strong><\/p>\n<p><strong>\u00a0<\/strong><\/p>\n<h3><strong>Article 5. CONFIDENTIALITE ET SECURITE DE VOS DONNEES<\/strong><\/h3>\n<p>Afin de pr\u00e9server la confidentialit\u00e9 et la s\u00e9curit\u00e9 de vos donn\u00e9es personnelles et, notamment, de les prot\u00e9ger contre la destruction illicite ou accidentelle, la perte ou l\u2019alt\u00e9ration accidentelle, ou encore la divulgation ou l\u2019acc\u00e8s non autoris\u00e9, nous prenons les mesures techniques et organisationnelles appropri\u00e9es, conform\u00e9ment aux dispositions l\u00e9gales applicables.<\/p>\n<p>\u00c0 cette fin, nous avons mis en place des mesures techniques telles que :<\/p>\n<ul>\n<li>Chiffrement des mots de passe<\/li>\n<li>Back-Up \u00e0 Chaud et Back-Up \u00e0 Froid<\/li>\n<li>Fichiers de Registre sur les donn\u00e9es personnelles<\/li>\n<li>Suivi des flux d\u2019\u00e9changes r\u00e9seaux<\/li>\n<li>Pare-feux et protection des attaques DDOS<\/li>\n<li>Serveurs SSL<\/li>\n<li>Donn\u00e9es h\u00e9berg\u00e9es en UE<\/li>\n<\/ul>\n<p>Et des mesures organisationnelles (telles qu\u2019un syst\u00e8me d\u2019identifiant \/ de mot de passe, des moyens de protection physique, etc\u2026).<\/p>\n<p><strong>\u00a0<\/strong><\/p>\n<h3><strong>Article 6. CONSERVATION DE VOS DONNEES PERSONNELLES <\/strong><\/h3>\n<p>Les donn\u00e9es collect\u00e9es sont conserv\u00e9es pour les dur\u00e9es suivantes :<\/p>\n<ul>\n<li>Pour valider votre dossier de Partenaire apporteur d\u2019affaires : cinq ans \u00e0 compter de leur validation. Cette dur\u00e9e est justifi\u00e9e par le d\u00e9lai l\u00e9gal que nous impose l\u2019Administration en cas de contr\u00f4le ;<\/li>\n<li>Lorsque vous transmettez vos donn\u00e9es \u00e0 Luxe for Guide pour le compte de Luxe for Guide et de ses partenaires commerciaux, conform\u00e9ment aux pr\u00e9cisions contenues dans l\u2019article 4.2, \u00e0 des fins de d\u00e9marchage commercial, pour vous proposer de nouvelles offres ou de nouveaux services : pendant deux ans \u00e0 compter de la collecte de votre dernier consentement.<\/li>\n<\/ul>\n<p>A l\u2019expiration des p\u00e9riodes mentionn\u00e9es ci-dessus, les donn\u00e9es sont effac\u00e9es.<\/p>\n<p>Toutefois, si des donn\u00e9es sont trait\u00e9es \u00e0 des fins de prospection commerciale, \u00e0 l\u2019expiration de la p\u00e9riode de deux ans, elles peuvent \u00eatre conserv\u00e9es pour une seconde p\u00e9riode de deux ans si vous acceptez de continuer de recevoir des offres commerciales de la part de Luxe for Guide. Dans la n\u00e9gative ou en l\u2019absence de r\u00e9ponse de votre part, nous effacerons vos donn\u00e9es de nos bases.<\/p>\n<p><strong>\u00a0<\/strong><strong>\u00a0<\/strong><\/p>\n<h3><strong>Article 7. DROIT D\u2019ACCES, DE RECTIFICATION OU DE RESILIATION <\/strong><\/h3>\n<p>Vous disposez du droit d\u2019acc\u00e9der aux donn\u00e9es vous concernant, de les faire rectifier ou effacer, de les transf\u00e9rer ou de les faire transf\u00e9rer \u00e0 un tiers, d\u2019en obtenir la limitation du traitement ou de vous opposer \u00e0 ce traitement.<\/p>\n<p>Nous nous conformerons \u00e0 votre demande sous r\u00e9serve du respect des obligations l\u00e9gales et r\u00e9glementaires qui nous incombent.<\/p>\n<p>Vous disposez du droit de retirer \u00e0 tout moment votre consentement au traitement des donn\u00e9es vous concernant. Le retrait de votre consentement n\u2019affecte pas la lic\u00e9it\u00e9 du traitement effectu\u00e9 avant ce retrait.<\/p>\n<p>Vous pouvez mettre en \u0153uvre ces droits :<\/p>\n<ul>\n<li>Par courrier postal \u00e0 l\u2019adresse suivante : LUXE FOR GUIDE, DPO \u2013 Protection des donn\u00e9es personnelles Luxe for Guide 12 rue Beccaria, 75012 Paris FRANCE,<\/li>\n<li>Ou par courrier \u00e9lectronique \u00e0 l\u2019adresse suivante : <a href=\"mailto:dpo@luxeforguide.com\">dpo@luxeforguide.com<\/a> ou <a href=\"mailto:contact@luxeforguide.com\">contact@luxeforguide.com<\/a> \u2013 Objet\u00a0: DPO &#8211; Protection des donn\u00e9es personnelles Luxe for Guide<\/li>\n<\/ul>\n<p>Dans un souci de confidentialit\u00e9 et de protection de vos donn\u00e9es personnelles, nous devrons \u00eatre en mesure de v\u00e9rifier votre identit\u00e9 afin de r\u00e9pondre \u00e0 votre demande. Pour cela, vous devez joindre, \u00e0 l\u2019appui de toute demande d\u2019exercice des droits mentionn\u00e9s ci-avant, la photocopie d\u2019un titre d\u2019identit\u00e9 mentionnant votre date et votre lieu de naissance et portant votre signature et ce, conform\u00e9ment aux dispositions de la loi n\u00b0 78-17 du 6 janvier 1978 dite \u00ab Loi Informatique et Libert\u00e9s \u00bb, de l\u2019article 92 du d\u00e9cret du 20 octobre 2005 pris pour l\u2019application de cette loi pour les ressortissant de la France, et du r\u00e8glement europ\u00e9en 2016\/679 du 27 avril 2016 relatif \u00e0 la protection des personnes physiques \u00e0 l&rsquo;\u00e9gard du traitement des donn\u00e9es \u00e0 caract\u00e8re personnel et \u00e0 la libre circulation de ces donn\u00e9es.<\/p>\n<p>Enfin, vous disposez du droit d\u2019adresser une r\u00e9clamation \u00e0 la CNIL si vous estimez que vos droits ne sont pas respect\u00e9s. Les coordonn\u00e9es de la CNIL sont les suivantes :<br \/>\nCommission Nationale de l\u2019Informatique et des Libert\u00e9s<br \/>\n3 Place de Fontenoy<br \/>\nTSA 80715<br \/>\n75334 Paris Cedex 07<br \/>\nFrance<br \/>\nT\u00e9l. : +33 1 53 73 22 22<\/p>\n<\/div><\/div><style type=\"text\/css\">.fusion-body .fusion-builder-column-0{width:100% !important;margin-top : 0px;margin-bottom : 0px;}.fusion-builder-column-0 > .fusion-column-wrapper {padding-top : 0px !important;padding-right : 0px !important;margin-right : 1.92%;padding-bottom : 0px !important;padding-left : 0px !important;margin-left : 1.92%;}@media only screen and (max-width:1024px) {.fusion-body .fusion-builder-column-0{width:100% !important;}.fusion-builder-column-0 > .fusion-column-wrapper {margin-right : 1.92%;margin-left : 1.92%;}}@media only screen and (max-width:640px) {.fusion-body .fusion-builder-column-0{width:100% !important;}.fusion-builder-column-0 > .fusion-column-wrapper {margin-right : 1.92%;margin-left : 1.92%;}}<\/style><\/div><\/div><style type=\"text\/css\">.fusion-body .fusion-flex-container.fusion-builder-row-2{ padding-top : 0px;margin-top : 50px;padding-right : 0px;padding-bottom : 0px;margin-bottom : 0px;padding-left : 0px;}<\/style><\/div><\/p>","protected":false},"excerpt":{"rendered":"","protected":false},"author":1,"featured_media":0,"parent":0,"menu_order":0,"comment_status":"closed","ping_status":"open","template":"100-width.php","meta":[],"yoast_head":"<!-- This site is optimized with the Yoast SEO plugin v18.9 - https:\/\/yoast.com\/wordpress\/plugins\/seo\/ -->\n<title>RGPD \u2013 Confidentialit\u00e9 de l&#039;application mobile Luxe for Guide - Luxe for Guide<\/title>\n<meta name=\"robots\" content=\"noindex, nofollow\" \/>\n<meta property=\"og:locale\" content=\"zh_CN\" \/>\n<meta property=\"og:type\" content=\"article\" \/>\n<meta property=\"og:title\" content=\"RGPD \u2013 Confidentialit\u00e9 de l&#039;application mobile Luxe for Guide - Luxe for Guide\" \/>\n<meta property=\"og:url\" content=\"https:\/\/www.luxeforguide.com\/cn\/politique-de-confidentialite\/\" \/>\n<meta property=\"og:site_name\" content=\"Luxe for Guide\" \/>\n<meta property=\"article:modified_time\" content=\"2023-05-10T16:42:09+00:00\" \/>\n<meta name=\"twitter:card\" content=\"summary_large_image\" \/>\n<meta name=\"twitter:label1\" content=\"\u9884\u8ba1\u9605\u8bfb\u65f6\u95f4\" \/>\n\t<meta name=\"twitter:data1\" content=\"8\u5206\" \/>\n<script type=\"application\/ld+json\" class=\"yoast-schema-graph\">{\"@context\":\"https:\/\/schema.org\",\"@graph\":[{\"@type\":\"WebSite\",\"@id\":\"https:\/\/www.luxeforguide.com\/#website\",\"url\":\"https:\/\/www.luxeforguide.com\/\",\"name\":\"Luxe for Guide\",\"description\":\"Services aux Guides touristiques et Maisons de luxe\",\"potentialAction\":[{\"@type\":\"SearchAction\",\"target\":{\"@type\":\"EntryPoint\",\"urlTemplate\":\"https:\/\/www.luxeforguide.com\/?s={search_term_string}\"},\"query-input\":\"required name=search_term_string\"}],\"inLanguage\":\"zh-CN\"},{\"@type\":\"WebPage\",\"@id\":\"https:\/\/www.luxeforguide.com\/politique-de-confidentialite\/#webpage\",\"url\":\"https:\/\/www.luxeforguide.com\/politique-de-confidentialite\/\",\"name\":\"RGPD \u2013 Confidentialit\u00e9 de l'application mobile Luxe for Guide - Luxe for Guide\",\"isPartOf\":{\"@id\":\"https:\/\/www.luxeforguide.com\/#website\"},\"datePublished\":\"2018-11-15T18:05:02+00:00\",\"dateModified\":\"2023-05-10T16:42:09+00:00\",\"breadcrumb\":{\"@id\":\"https:\/\/www.luxeforguide.com\/politique-de-confidentialite\/#breadcrumb\"},\"inLanguage\":\"zh-CN\",\"potentialAction\":[{\"@type\":\"ReadAction\",\"target\":[\"https:\/\/www.luxeforguide.com\/politique-de-confidentialite\/\"]}]},{\"@type\":\"BreadcrumbList\",\"@id\":\"https:\/\/www.luxeforguide.com\/politique-de-confidentialite\/#breadcrumb\",\"itemListElement\":[{\"@type\":\"ListItem\",\"position\":1,\"name\":\"Accueil\",\"item\":\"https:\/\/www.luxeforguide.com\/\"},{\"@type\":\"ListItem\",\"position\":2,\"name\":\"RGPD \u2013 Confidentialit\u00e9 de l&rsquo;application mobile Luxe for Guide\"}]}]}<\/script>\n<!-- \/ Yoast SEO plugin. -->","yoast_head_json":{"title":"RGPD \u2013 Confidentialit\u00e9 de l'application mobile Luxe for Guide - Luxe for Guide","robots":{"index":"noindex","follow":"nofollow"},"og_locale":"zh_CN","og_type":"article","og_title":"RGPD \u2013 Confidentialit\u00e9 de l'application mobile Luxe for Guide - Luxe for Guide","og_url":"https:\/\/www.luxeforguide.com\/cn\/politique-de-confidentialite\/","og_site_name":"Luxe for Guide","article_modified_time":"2023-05-10T16:42:09+00:00","twitter_card":"summary_large_image","twitter_misc":{"\u9884\u8ba1\u9605\u8bfb\u65f6\u95f4":"8\u5206"},"schema":{"@context":"https:\/\/schema.org","@graph":[{"@type":"WebSite","@id":"https:\/\/www.luxeforguide.com\/#website","url":"https:\/\/www.luxeforguide.com\/","name":"Luxe for Guide","description":"Services aux Guides touristiques et Maisons de luxe","potentialAction":[{"@type":"SearchAction","target":{"@type":"EntryPoint","urlTemplate":"https:\/\/www.luxeforguide.com\/?s={search_term_string}"},"query-input":"required name=search_term_string"}],"inLanguage":"zh-CN"},{"@type":"WebPage","@id":"https:\/\/www.luxeforguide.com\/politique-de-confidentialite\/#webpage","url":"https:\/\/www.luxeforguide.com\/politique-de-confidentialite\/","name":"RGPD \u2013 Confidentialit\u00e9 de l'application mobile Luxe for Guide - Luxe for Guide","isPartOf":{"@id":"https:\/\/www.luxeforguide.com\/#website"},"datePublished":"2018-11-15T18:05:02+00:00","dateModified":"2023-05-10T16:42:09+00:00","breadcrumb":{"@id":"https:\/\/www.luxeforguide.com\/politique-de-confidentialite\/#breadcrumb"},"inLanguage":"zh-CN","potentialAction":[{"@type":"ReadAction","target":["https:\/\/www.luxeforguide.com\/politique-de-confidentialite\/"]}]},{"@type":"BreadcrumbList","@id":"https:\/\/www.luxeforguide.com\/politique-de-confidentialite\/#breadcrumb","itemListElement":[{"@type":"ListItem","position":1,"name":"Accueil","item":"https:\/\/www.luxeforguide.com\/"},{"@type":"ListItem","position":2,"name":"RGPD \u2013 Confidentialit\u00e9 de l&rsquo;application mobile Luxe for Guide"}]}]}},"_links":{"self":[{"href":"https:\/\/www.luxeforguide.com\/cn\/wp-json\/wp\/v2\/pages\/3"}],"collection":[{"href":"https:\/\/www.luxeforguide.com\/cn\/wp-json\/wp\/v2\/pages"}],"about":[{"href":"https:\/\/www.luxeforguide.com\/cn\/wp-json\/wp\/v2\/types\/page"}],"author":[{"embeddable":true,"href":"https:\/\/www.luxeforguide.com\/cn\/wp-json\/wp\/v2\/users\/1"}],"replies":[{"embeddable":true,"href":"https:\/\/www.luxeforguide.com\/cn\/wp-json\/wp\/v2\/comments?post=3"}],"version-history":[{"count":16,"href":"https:\/\/www.luxeforguide.com\/cn\/wp-json\/wp\/v2\/pages\/3\/revisions"}],"predecessor-version":[{"id":2450,"href":"https:\/\/www.luxeforguide.com\/cn\/wp-json\/wp\/v2\/pages\/3\/revisions\/2450"}],"wp:attachment":[{"href":"https:\/\/www.luxeforguide.com\/cn\/wp-json\/wp\/v2\/media?parent=3"}],"curies":[{"name":"wp","href":"https:\/\/api.w.org\/{rel}","templated":true}]}}